{"id":1257,"date":"2025-05-27T19:17:38","date_gmt":"2025-05-27T17:17:38","guid":{"rendered":"https:\/\/profidirekt.at\/usluge\/"},"modified":"2025-07-12T10:32:25","modified_gmt":"2025-07-12T08:32:25","slug":"usluge","status":"publish","type":"page","link":"https:\/\/profidirekt.at\/bcs\/usluge\/","title":{"rendered":"Usluge"},"content":{"rendered":"\t\t<div data-elementor-type=\"wp-page\" data-elementor-id=\"1257\" class=\"elementor elementor-1257 elementor-54\" data-elementor-post-type=\"page\">\n\t\t\t\t<div class=\"elementor-element elementor-element-25a8cae7 e-flex e-con-boxed e-con e-parent\" data-id=\"25a8cae7\" data-element_type=\"container\" data-e-type=\"container\">\n\t\t\t\t\t<div class=\"e-con-inner\">\n\t\t\t\t<div class=\"elementor-element elementor-element-54bd9dc elementor-widget elementor-widget-heading\" data-id=\"54bd9dc\" data-element_type=\"widget\" data-e-type=\"widget\" data-widget_type=\"heading.default\">\n\t\t\t\t\t<h1 class=\"elementor-heading-title elementor-size-default\">Vi\u0161e klijenata za majstore i uslu\u017ene delatnosti uz na\u0161 marketing<\/h1>\t\t\t\t<\/div>\n\t\t\t\t\t<\/div>\n\t\t\t\t<\/div>\n\t\t<div class=\"elementor-element elementor-element-cd2958f e-flex e-con-boxed e-con e-parent\" data-id=\"cd2958f\" data-element_type=\"container\" data-e-type=\"container\">\n\t\t\t\t\t<div class=\"e-con-inner\">\n\t\t<div class=\"elementor-element elementor-element-45a857b e-con-full e-flex e-con e-child\" data-id=\"45a857b\" data-element_type=\"container\" data-e-type=\"container\">\n\t\t\t\t<div class=\"elementor-element elementor-element-c4ba74c elementor-widget elementor-widget-image\" data-id=\"c4ba74c\" data-element_type=\"widget\" data-e-type=\"widget\" data-widget_type=\"image.default\">\n\t\t\t\t\t\t\t\t\t\t\t\t\t\t\t<img fetchpriority=\"high\" decoding=\"async\" width=\"768\" height=\"540\" src=\"https:\/\/profidirekt.at\/wp-content\/uploads\/2025\/05\/mehr-kunden.png\" class=\"attachment-medium_large size-medium_large wp-image-1240\" alt=\"Mehr Anrufe bedeuten mehr Gewinn f\u00fcr Unternehmer in \u00d6sterreich\" srcset=\"https:\/\/profidirekt.at\/wp-content\/uploads\/2025\/05\/mehr-kunden.png 1234w, https:\/\/profidirekt.at\/wp-content\/uploads\/2025\/05\/mehr-kunden-300x211.png 300w\" sizes=\"(max-width: 768px) 100vw, 768px\" \/>\t\t\t\t\t\t\t\t\t\t\t\t\t\t\t<\/div>\n\t\t\t\t<\/div>\n\t\t<div class=\"elementor-element elementor-element-a0e7dda e-con-full e-flex e-con e-child\" data-id=\"a0e7dda\" data-element_type=\"container\" data-e-type=\"container\">\n\t\t\t\t<div class=\"elementor-element elementor-element-9e5c663 elementor-widget elementor-widget-heading\" data-id=\"9e5c663\" data-element_type=\"widget\" data-e-type=\"widget\" data-widget_type=\"heading.default\">\n\t\t\t\t\t<h2 class=\"elementor-heading-title elementor-size-default\">Vi\u0161e poziva = vi\u0161e profita<\/h2>\t\t\t\t<\/div>\n\t\t\t\t<div class=\"elementor-element elementor-element-6f973f4 elementor-widget elementor-widget-text-editor\" data-id=\"6f973f4\" data-element_type=\"widget\" data-e-type=\"widget\" data-widget_type=\"text-editor.default\">\n\t\t\t\t\t\t\t\t\t<p>Sa na\u0161im prilago\u0111enim marketin\u0161kim re\u0161enjima, osiguravamo da va\u0161 telefon zvoni \u010de\u0161c\u0301e &#8211; od pravih kupaca koji su spremni da rezervi\u0161u va\u0161e usluge. Kreiramo profesionalni sajt za vas koji gradi poverenje i pretvara posetioce u klijente koji plac\u0301aju. Kroz ciljano onlajn ogla\u0161avanje na Guglu i dru\u0161tvenim mre\u017eama, dopiremo ta\u010dno do ljudi kojima su potrebne va\u0161e usluge &#8211; u pravo vreme. Tako\u0111e pobolj\u0161avamo va\u0161u vidljivost u pretra\u017eiva\u010dima (Google) kako biste dugoro\u010dno dobijali nove upite. Ovo ne samo da povec\u0301ava va\u0161u vidljivost, vec\u0301 i generi\u0161e merljivo vi\u0161e porud\u017ebina &#8211; a samim tim i vec\u0301i profit.<\/p>\t\t\t\t\t\t\t\t<\/div>\n\t\t\t\t<\/div>\n\t\t\t\t\t<\/div>\n\t\t\t\t<\/div>\n\t\t<div class=\"elementor-element elementor-element-3067310 e-flex e-con-boxed e-con e-parent\" data-id=\"3067310\" data-element_type=\"container\" data-e-type=\"container\">\n\t\t\t\t\t<div class=\"e-con-inner\">\n\t\t<div class=\"elementor-element elementor-element-ac55870 e-con-full e-flex e-con e-child\" data-id=\"ac55870\" data-element_type=\"container\" data-e-type=\"container\">\n\t\t\t\t<div class=\"elementor-element elementor-element-28c50df elementor-widget elementor-widget-heading\" data-id=\"28c50df\" data-element_type=\"widget\" data-e-type=\"widget\" data-widget_type=\"heading.default\">\n\t\t\t\t\t<h2 class=\"elementor-heading-title elementor-size-default\">Uvek ispred konkurencije<\/h2>\t\t\t\t<\/div>\n\t\t\t\t<div class=\"elementor-element elementor-element-618559c elementor-widget elementor-widget-text-editor\" data-id=\"618559c\" data-element_type=\"widget\" data-e-type=\"widget\" data-widget_type=\"text-editor.default\">\n\t\t\t\t\t\t\t\t\t<p>Poma\u017eemo vam da budete vidljivi ta\u010dno tamo gde va\u0161i potencijalni klijenti tra\u017ee &#8211; u va\u0161em gradu, bezirku ili regionu. Kroz ciljane lokalne mere kao \u0161to su optimizacija va\u0161eg poslovnog profila na Google-u, lokalnih klju\u010dnih re\u010di i stranica sa lokacijama, osiguravamo da se va\u0161a kompanija pojavi na vrhu relevantnih rezultata pretrage. Bilo da je u pitanju \u201eElektri\u010dar u Be\u010du\u201c ili \u201eMoler 1020\u201c &#8211; odve\u0161c\u0301emo vas na 1. stranicu. Na ovaj na\u010din mo\u017eete doc\u0301i do ljudi kojima je potrebna usluga u va\u0161em kraju. Dok va\u0161i konkurenti jo\u0161 uvek \u010dekaju preporuke, vi vec\u0301 svakodnevno dobijate upite iz va\u0161eg kraja i okoline.<\/p>\t\t\t\t\t\t\t\t<\/div>\n\t\t\t\t<\/div>\n\t\t<div class=\"elementor-element elementor-element-51ffefd e-con-full e-flex e-con e-child\" data-id=\"51ffefd\" data-element_type=\"container\" data-e-type=\"container\">\n\t\t\t\t<div class=\"elementor-element elementor-element-7e1e734 elementor-widget elementor-widget-image\" data-id=\"7e1e734\" data-element_type=\"widget\" data-e-type=\"widget\" data-widget_type=\"image.default\">\n\t\t\t\t\t\t\t\t\t\t\t\t\t\t\t<img decoding=\"async\" width=\"768\" height=\"444\" src=\"https:\/\/profidirekt.at\/wp-content\/uploads\/2025\/05\/Monosnap-Google-Maps-2025-05-27-23-54-56-768x444.png\" class=\"attachment-medium_large size-medium_large wp-image-1236\" alt=\"Potenzielle Kunden k\u00f6nnen Sie mit unseren lokalen Anpassungsdiensten leicht finden\" srcset=\"https:\/\/profidirekt.at\/wp-content\/uploads\/2025\/05\/Monosnap-Google-Maps-2025-05-27-23-54-56-768x444.png 768w, https:\/\/profidirekt.at\/wp-content\/uploads\/2025\/05\/Monosnap-Google-Maps-2025-05-27-23-54-56-300x173.png 300w, https:\/\/profidirekt.at\/wp-content\/uploads\/2025\/05\/Monosnap-Google-Maps-2025-05-27-23-54-56.png 928w\" sizes=\"(max-width: 768px) 100vw, 768px\" \/>\t\t\t\t\t\t\t\t\t\t\t\t\t\t\t<\/div>\n\t\t\t\t<\/div>\n\t\t\t\t\t<\/div>\n\t\t\t\t<\/div>\n\t\t<div class=\"elementor-element elementor-element-7274959 e-flex e-con-boxed e-con e-parent\" data-id=\"7274959\" data-element_type=\"container\" data-e-type=\"container\">\n\t\t\t\t\t<div class=\"e-con-inner\">\n\t\t<div class=\"elementor-element elementor-element-cf5110e e-con-full e-flex e-con e-child\" data-id=\"cf5110e\" data-element_type=\"container\" data-e-type=\"container\">\n\t\t\t\t<div class=\"elementor-element elementor-element-6f214ba elementor-widget elementor-widget-image\" data-id=\"6f214ba\" data-element_type=\"widget\" data-e-type=\"widget\" data-widget_type=\"image.default\">\n\t\t\t\t\t\t\t\t\t\t\t\t\t\t\t<img decoding=\"async\" width=\"768\" height=\"506\" src=\"https:\/\/profidirekt.at\/wp-content\/uploads\/2025\/05\/google-ads-1-768x506.png\" class=\"attachment-medium_large size-medium_large wp-image-1237\" alt=\"Google Ads f\u00fcr Firmeninhaber sind der schnellste Weg, Ihr Gesch\u00e4ft auszubauen\" srcset=\"https:\/\/profidirekt.at\/wp-content\/uploads\/2025\/05\/google-ads-1-768x506.png 768w, https:\/\/profidirekt.at\/wp-content\/uploads\/2025\/05\/google-ads-1-300x198.png 300w, https:\/\/profidirekt.at\/wp-content\/uploads\/2025\/05\/google-ads-1-1024x675.png 1024w, https:\/\/profidirekt.at\/wp-content\/uploads\/2025\/05\/google-ads-1.png 1204w\" sizes=\"(max-width: 768px) 100vw, 768px\" \/>\t\t\t\t\t\t\t\t\t\t\t\t\t\t\t<\/div>\n\t\t\t\t<\/div>\n\t\t<div class=\"elementor-element elementor-element-496839d e-con-full e-flex e-con e-child\" data-id=\"496839d\" data-element_type=\"container\" data-e-type=\"container\">\n\t\t\t\t<div class=\"elementor-element elementor-element-65f2148 elementor-widget elementor-widget-heading\" data-id=\"65f2148\" data-element_type=\"widget\" data-e-type=\"widget\" data-widget_type=\"heading.default\">\n\t\t\t\t\t<h2 class=\"elementor-heading-title elementor-size-default\">Svako mo\u017ee da Vas prona\u0111e<\/h2>\t\t\t\t<\/div>\n\t\t\t\t<div class=\"elementor-element elementor-element-7db6fea elementor-widget elementor-widget-text-editor\" data-id=\"7db6fea\" data-element_type=\"widget\" data-e-type=\"widget\" data-widget_type=\"text-editor.default\">\n\t\t\t\t\t\t\t\t\t<p>Sa Google Ads-om, va\u0161e poslovanje odmah dovodimo na vrh rezultata pretrage &#8211; ta\u010dno kada potencijalni kupci tra\u017ee va\u0161e usluge. Bilo da je u pitanju \u201evodoinstalater Be\u010d\u201c ili \u201eselidbena kompanija u blizini\u201c &#8211; va\u0161 oglas c\u0301e se pojaviti na vrhu. Plac\u0301ate samo kada neko zaista klikne i dose\u017eete ljude sa specifi\u010dnim potrebama. Na\u0161e optimizovane kampanje osiguravaju da se va\u0161 bud\u017eet za ogla\u0161avanje efikasno koristi &#8211; za vi\u0161e poziva, vi\u0161e porud\u017ebina i merljiv profit. Dok drugi \u017eele slu\u010dajnu vidljivost, vi ste prisutni kada je to va\u017eno.<\/p>\t\t\t\t\t\t\t\t<\/div>\n\t\t\t\t<\/div>\n\t\t\t\t\t<\/div>\n\t\t\t\t<\/div>\n\t\t<div class=\"elementor-element elementor-element-2d4a390 e-flex e-con-boxed e-con e-parent\" data-id=\"2d4a390\" data-element_type=\"container\" data-e-type=\"container\">\n\t\t\t\t\t<div class=\"e-con-inner\">\n\t\t<div class=\"elementor-element elementor-element-b45d5f3 e-con-full e-flex e-con e-child\" data-id=\"b45d5f3\" data-element_type=\"container\" data-e-type=\"container\">\n\t\t\t\t<div class=\"elementor-element elementor-element-fa3b25d elementor-widget elementor-widget-heading\" data-id=\"fa3b25d\" data-element_type=\"widget\" data-e-type=\"widget\" data-widget_type=\"heading.default\">\n\t\t\t\t\t<h2 class=\"elementor-heading-title elementor-size-default\">Sajt koji prodaje!<\/h2>\t\t\t\t<\/div>\n\t\t\t\t<div class=\"elementor-element elementor-element-77ae147 elementor-widget elementor-widget-text-editor\" data-id=\"77ae147\" data-element_type=\"widget\" data-e-type=\"widget\" data-widget_type=\"text-editor.default\">\n\t\t\t\t\t\t\t\t\t<p>Va\u0161a veb stranica je \u010desto prva ta\u010dka kontakta sa potencijalnim klijentima &#8211; i to je jako va\u017eno. Kreiramo za vas moderan, optimizovan za mobilni i prodajno-promotivan veb sajt koji odmah uliva poverenje i zra\u010di profesionalizmom. Jasna struktura, ubedljivi tekstovi i zna\u010dajne slike pokazuju da svoju kompaniju shvatate ozbiljno. Kupci na prvi pogled prepoznaju da imaju posla sa pouzdanim ljudima \u2013 i spremni su da vas pozovu. Profesionalni veb-sajt pretvara posetioce u stvarne upite i jasno izdvaja va\u0161u kompaniju od konkurencije.<\/p>\t\t\t\t\t\t\t\t<\/div>\n\t\t\t\t<\/div>\n\t\t<div class=\"elementor-element elementor-element-8d9beca e-con-full e-flex e-con e-child\" data-id=\"8d9beca\" data-element_type=\"container\" data-e-type=\"container\">\n\t\t\t\t<div class=\"elementor-element elementor-element-a16fda0 elementor-widget elementor-widget-image\" data-id=\"a16fda0\" data-element_type=\"widget\" data-e-type=\"widget\" data-widget_type=\"image.default\">\n\t\t\t\t\t\t\t\t\t\t\t\t\t\t\t<img loading=\"lazy\" decoding=\"async\" width=\"768\" height=\"517\" src=\"https:\/\/profidirekt.at\/wp-content\/uploads\/2025\/05\/webseite-768x517.png\" class=\"attachment-medium_large size-medium_large wp-image-1238\" alt=\"Eine professionelle Website ist der erste Kontakt mit Ihren Kunden\" srcset=\"https:\/\/profidirekt.at\/wp-content\/uploads\/2025\/05\/webseite-768x517.png 768w, https:\/\/profidirekt.at\/wp-content\/uploads\/2025\/05\/webseite-300x202.png 300w, https:\/\/profidirekt.at\/wp-content\/uploads\/2025\/05\/webseite-1024x689.png 1024w, https:\/\/profidirekt.at\/wp-content\/uploads\/2025\/05\/webseite.png 1290w\" sizes=\"(max-width: 768px) 100vw, 768px\" \/>\t\t\t\t\t\t\t\t\t\t\t\t\t\t\t<\/div>\n\t\t\t\t<\/div>\n\t\t\t\t\t<\/div>\n\t\t\t\t<\/div>\n\t\t<div class=\"elementor-element elementor-element-f9c4457 e-flex e-con-boxed e-con e-parent\" data-id=\"f9c4457\" data-element_type=\"container\" data-e-type=\"container\">\n\t\t\t\t\t<div class=\"e-con-inner\">\n\t\t<div class=\"elementor-element elementor-element-52d9c60 e-con-full e-flex e-con e-child\" data-id=\"52d9c60\" data-element_type=\"container\" data-e-type=\"container\">\n\t\t\t\t<div class=\"elementor-element elementor-element-b6dbea3 elementor-widget elementor-widget-image\" data-id=\"b6dbea3\" data-element_type=\"widget\" data-e-type=\"widget\" data-widget_type=\"image.default\">\n\t\t\t\t\t\t\t\t\t\t\t\t\t\t\t<img loading=\"lazy\" decoding=\"async\" width=\"768\" height=\"554\" src=\"https:\/\/profidirekt.at\/wp-content\/uploads\/2025\/05\/rocket-768x554.png\" class=\"attachment-medium_large size-medium_large wp-image-1239\" alt=\"Sehen Sie jeden Monat die Ergebnisse Ihrer Werbe- und Marketingkampagnen\" srcset=\"https:\/\/profidirekt.at\/wp-content\/uploads\/2025\/05\/rocket-768x554.png 768w, https:\/\/profidirekt.at\/wp-content\/uploads\/2025\/05\/rocket-300x217.png 300w, https:\/\/profidirekt.at\/wp-content\/uploads\/2025\/05\/rocket-1024x739.png 1024w, https:\/\/profidirekt.at\/wp-content\/uploads\/2025\/05\/rocket.png 1338w\" sizes=\"(max-width: 768px) 100vw, 768px\" \/>\t\t\t\t\t\t\t\t\t\t\t\t\t\t\t<\/div>\n\t\t\t\t<\/div>\n\t\t<div class=\"elementor-element elementor-element-e0800c0 e-con-full e-flex e-con e-child\" data-id=\"e0800c0\" data-element_type=\"container\" data-e-type=\"container\">\n\t\t\t\t<div class=\"elementor-element elementor-element-8d5fabb elementor-widget elementor-widget-heading\" data-id=\"8d5fabb\" data-element_type=\"widget\" data-e-type=\"widget\" data-widget_type=\"heading.default\">\n\t\t\t\t\t<h2 class=\"elementor-heading-title elementor-size-default\">Svakog meseca ve\u0107a dobit<\/h2>\t\t\t\t<\/div>\n\t\t\t\t<div class=\"elementor-element elementor-element-5c53cc6 elementor-widget elementor-widget-text-editor\" data-id=\"5c53cc6\" data-element_type=\"widget\" data-e-type=\"widget\" data-widget_type=\"text-editor.default\">\n\t\t\t\t\t\t\t\t\t<p>Kod nas nema naga\u0111anja. Svakog meseca dobijate jasan izve\u0161taj: Koliko je posetilaca posetilo va\u0161u veb stranicu? Odakle su do\u0161li? Koje stranice su gledali &#8211; i koliko dugo? Koristec\u0301i ove podatke, ta\u010dno znamo \u0161ta funkcioni\u0161e, a \u0161ta se mo\u017ee pobolj\u0161ati. Na ovaj na\u010din, kontinuirano optimizujemo va\u0161u strategiju &#8211; za vec\u0301u vidljivost, vi\u0161e upita i vec\u0301u prodaju. Transparentnost i merljivi rezultati su nam glavni prioritet kako biste ta\u010dno znali u \u0161ta ula\u017eete &#8211; i koje koristi c\u0301ete od toga imati.<\/p>\t\t\t\t\t\t\t\t<\/div>\n\t\t\t\t<\/div>\n\t\t\t\t\t<\/div>\n\t\t\t\t<\/div>\n\t\t\t\t<\/div>\n\t\t","protected":false},"excerpt":{"rendered":"<p>Vi\u0161e klijenata za majstore i uslu\u017ene delatnosti uz na\u0161 marketing Vi\u0161e poziva = vi\u0161e profita Sa na\u0161im prilago\u0111enim marketin\u0161kim re\u0161enjima, osiguravamo da va\u0161 telefon zvoni \u010de\u0161c\u0301e &#8211; od pravih kupaca koji su spremni da rezervi\u0161u va\u0161e usluge. Kreiramo profesionalni sajt za vas koji gradi poverenje i pretvara posetioce u klijente koji plac\u0301aju. Kroz ciljano onlajn [&hellip;]<\/p>\n","protected":false},"author":1,"featured_media":0,"parent":0,"menu_order":0,"comment_status":"closed","ping_status":"closed","template":"elementor_header_footer","meta":{"om_disable_all_campaigns":false,"_monsterinsights_skip_tracking":false,"_monsterinsights_sitenote_active":false,"_monsterinsights_sitenote_note":"","_monsterinsights_sitenote_category":0,"footnotes":""},"class_list":["post-1257","page","type-page","status-publish","hentry"],"aioseo_notices":[],"_links":{"self":[{"href":"https:\/\/profidirekt.at\/bcs\/wp-json\/wp\/v2\/pages\/1257","targetHints":{"allow":["GET"]}}],"collection":[{"href":"https:\/\/profidirekt.at\/bcs\/wp-json\/wp\/v2\/pages"}],"about":[{"href":"https:\/\/profidirekt.at\/bcs\/wp-json\/wp\/v2\/types\/page"}],"author":[{"embeddable":true,"href":"https:\/\/profidirekt.at\/bcs\/wp-json\/wp\/v2\/users\/1"}],"replies":[{"embeddable":true,"href":"https:\/\/profidirekt.at\/bcs\/wp-json\/wp\/v2\/comments?post=1257"}],"version-history":[{"count":3,"href":"https:\/\/profidirekt.at\/bcs\/wp-json\/wp\/v2\/pages\/1257\/revisions"}],"predecessor-version":[{"id":1264,"href":"https:\/\/profidirekt.at\/bcs\/wp-json\/wp\/v2\/pages\/1257\/revisions\/1264"}],"wp:attachment":[{"href":"https:\/\/profidirekt.at\/bcs\/wp-json\/wp\/v2\/media?parent=1257"}],"curies":[{"name":"wp","href":"https:\/\/api.w.org\/{rel}","templated":true}]}}